{"id":864,"date":"2026-01-19T14:31:33","date_gmt":"2026-01-19T14:31:33","guid":{"rendered":"https:\/\/d2peluquerosgernikatienda.rkinformatika.online\/?post_type=product&#038;p=864"},"modified":"2026-01-19T14:37:21","modified_gmt":"2026-01-19T14:37:21","slug":"servicio-de-coloracion-profesional","status":"publish","type":"product","link":"https:\/\/tienda.d2peluquerosgernika.com\/eu\/produktua\/servicio-de-coloracion-profesional\/","title":{"rendered":"Servicio de Coloraci\u00f3n Profesional"},"content":{"rendered":"<p data-start=\"304\" data-end=\"545\">Servicio de coloraci\u00f3n profesional adaptado a tu estilo: tintes cl\u00e1sicos, mechas, balayage y fantas\u00eda. Utilizamos productos de alta calidad que cuidan tu cabello y garantizan un color duradero, brillante y saludable.<\/p>","protected":false},"excerpt":{"rendered":"<p data-start=\"225\" data-end=\"301\">Coloraci\u00f3n personalizada para todo tipo de cabello.<\/p>","protected":false},"featured_media":865,"comment_status":"open","ping_status":"closed","template":"","meta":[],"product_brand":[],"product_cat":[19],"product_tag":[],"class_list":{"0":"post-864","1":"product","2":"type-product","3":"status-publish","4":"has-post-thumbnail","6":"product_cat-peluqueria","8":"first","9":"instock","10":"shipping-taxable","11":"purchasable","12":"product-type-simple"},"yoast_head":"<!-- This site is optimized with the Yoast SEO plugin v27.5 - https:\/\/yoast.com\/product\/yoast-seo-wordpress\/ -->\n<title>Servicio de Coloraci\u00f3n Profesional - D-2 PELUQUEROS<\/title>\n<meta name=\"robots\" content=\"index, follow, max-snippet:-1, max-image-preview:large, max-video-preview:-1\" \/>\n<link rel=\"canonical\" href=\"https:\/\/tienda.d2peluquerosgernika.com\/eu\/produktua\/servicio-de-coloracion-profesional\/\" \/>\n<meta property=\"og:locale\" content=\"en_US\" \/>\n<meta property=\"og:type\" content=\"article\" \/>\n<meta property=\"og:title\" content=\"Servicio de Coloraci\u00f3n Profesional - D-2 PELUQUEROS\" \/>\n<meta property=\"og:description\" content=\"Coloraci\u00f3n personalizada para todo tipo de cabello.\" \/>\n<meta property=\"og:url\" content=\"https:\/\/tienda.d2peluquerosgernika.com\/eu\/produktua\/servicio-de-coloracion-profesional\/\" \/>\n<meta property=\"og:site_name\" content=\"D-2 PELUQUEROS\" \/>\n<meta property=\"article:modified_time\" content=\"2026-01-19T14:37:21+00:00\" \/>\n<meta property=\"og:image\" content=\"https:\/\/tienda.d2peluquerosgernika.com\/wp-content\/uploads\/2026\/01\/MA-4.png\" \/>\n\t<meta property=\"og:image:width\" content=\"600\" \/>\n\t<meta property=\"og:image:height\" content=\"600\" \/>\n\t<meta property=\"og:image:type\" content=\"image\/png\" \/>\n<meta name=\"twitter:card\" content=\"summary_large_image\" \/>\n<meta name=\"twitter:label1\" content=\"Est. reading time\" \/>\n\t<meta name=\"twitter:data1\" content=\"1 minutua\" \/>\n<script type=\"application\/ld+json\" class=\"yoast-schema-graph\">{\"@context\":\"https:\\\/\\\/schema.org\",\"@graph\":[{\"@type\":\"WebPage\",\"@id\":\"https:\\\/\\\/tienda.d2peluquerosgernika.com\\\/producto\\\/servicio-de-coloracion-profesional\\\/\",\"url\":\"https:\\\/\\\/tienda.d2peluquerosgernika.com\\\/producto\\\/servicio-de-coloracion-profesional\\\/\",\"name\":\"Servicio de Coloraci\u00f3n Profesional - D-2 PELUQUEROS\",\"isPartOf\":{\"@id\":\"https:\\\/\\\/tienda.d2peluquerosgernika.com\\\/#website\"},\"primaryImageOfPage\":{\"@id\":\"https:\\\/\\\/tienda.d2peluquerosgernika.com\\\/producto\\\/servicio-de-coloracion-profesional\\\/#primaryimage\"},\"image\":{\"@id\":\"https:\\\/\\\/tienda.d2peluquerosgernika.com\\\/producto\\\/servicio-de-coloracion-profesional\\\/#primaryimage\"},\"thumbnailUrl\":\"https:\\\/\\\/tienda.d2peluquerosgernika.com\\\/wp-content\\\/uploads\\\/2026\\\/01\\\/MA-4.png\",\"datePublished\":\"2026-01-19T14:31:33+00:00\",\"dateModified\":\"2026-01-19T14:37:21+00:00\",\"breadcrumb\":{\"@id\":\"https:\\\/\\\/tienda.d2peluquerosgernika.com\\\/producto\\\/servicio-de-coloracion-profesional\\\/#breadcrumb\"},\"inLanguage\":\"eu\",\"potentialAction\":[{\"@type\":\"ReadAction\",\"target\":[\"https:\\\/\\\/tienda.d2peluquerosgernika.com\\\/producto\\\/servicio-de-coloracion-profesional\\\/\"]}]},{\"@type\":\"ImageObject\",\"inLanguage\":\"eu\",\"@id\":\"https:\\\/\\\/tienda.d2peluquerosgernika.com\\\/producto\\\/servicio-de-coloracion-profesional\\\/#primaryimage\",\"url\":\"https:\\\/\\\/tienda.d2peluquerosgernika.com\\\/wp-content\\\/uploads\\\/2026\\\/01\\\/MA-4.png\",\"contentUrl\":\"https:\\\/\\\/tienda.d2peluquerosgernika.com\\\/wp-content\\\/uploads\\\/2026\\\/01\\\/MA-4.png\",\"width\":600,\"height\":600},{\"@type\":\"BreadcrumbList\",\"@id\":\"https:\\\/\\\/tienda.d2peluquerosgernika.com\\\/producto\\\/servicio-de-coloracion-profesional\\\/#breadcrumb\",\"itemListElement\":[{\"@type\":\"ListItem\",\"position\":1,\"name\":\"Portada\",\"item\":\"https:\\\/\\\/tienda.d2peluquerosgernika.com\\\/\"},{\"@type\":\"ListItem\",\"position\":2,\"name\":\"Tienda\",\"item\":\"https:\\\/\\\/tienda.d2peluquerosgernika.com\\\/tienda\\\/\"},{\"@type\":\"ListItem\",\"position\":3,\"name\":\"Servicio de Coloraci\u00f3n Profesional\"}]},{\"@type\":\"WebSite\",\"@id\":\"https:\\\/\\\/tienda.d2peluquerosgernika.com\\\/#website\",\"url\":\"https:\\\/\\\/tienda.d2peluquerosgernika.com\\\/\",\"name\":\"D-2 PELUQUEROS\",\"description\":\"\",\"publisher\":{\"@id\":\"https:\\\/\\\/tienda.d2peluquerosgernika.com\\\/#organization\"},\"potentialAction\":[{\"@type\":\"SearchAction\",\"target\":{\"@type\":\"EntryPoint\",\"urlTemplate\":\"https:\\\/\\\/tienda.d2peluquerosgernika.com\\\/?s={search_term_string}\"},\"query-input\":{\"@type\":\"PropertyValueSpecification\",\"valueRequired\":true,\"valueName\":\"search_term_string\"}}],\"inLanguage\":\"eu\"},{\"@type\":\"Organization\",\"@id\":\"https:\\\/\\\/tienda.d2peluquerosgernika.com\\\/#organization\",\"name\":\"D-2 PELUQUEROS\",\"url\":\"https:\\\/\\\/tienda.d2peluquerosgernika.com\\\/\",\"logo\":{\"@type\":\"ImageObject\",\"inLanguage\":\"eu\",\"@id\":\"https:\\\/\\\/tienda.d2peluquerosgernika.com\\\/#\\\/schema\\\/logo\\\/image\\\/\",\"url\":\"https:\\\/\\\/tienda.d2peluquerosgernika.com\\\/wp-content\\\/uploads\\\/2025\\\/06\\\/cropped-WhatsApp-Image-2025-06-05-at-10.06.23.jpeg\",\"contentUrl\":\"https:\\\/\\\/tienda.d2peluquerosgernika.com\\\/wp-content\\\/uploads\\\/2025\\\/06\\\/cropped-WhatsApp-Image-2025-06-05-at-10.06.23.jpeg\",\"width\":760,\"height\":1600,\"caption\":\"D-2 PELUQUEROS\"},\"image\":{\"@id\":\"https:\\\/\\\/tienda.d2peluquerosgernika.com\\\/#\\\/schema\\\/logo\\\/image\\\/\"}}]}<\/script>\n<!-- \/ Yoast SEO plugin. -->","yoast_head_json":{"title":"Servicio de Coloraci\u00f3n Profesional - D-2 PELUQUEROS","robots":{"index":"index","follow":"follow","max-snippet":"max-snippet:-1","max-image-preview":"max-image-preview:large","max-video-preview":"max-video-preview:-1"},"canonical":"https:\/\/tienda.d2peluquerosgernika.com\/eu\/produktua\/servicio-de-coloracion-profesional\/","og_locale":"en_US","og_type":"article","og_title":"Servicio de Coloraci\u00f3n Profesional - D-2 PELUQUEROS","og_description":"Coloraci\u00f3n personalizada para todo tipo de cabello.","og_url":"https:\/\/tienda.d2peluquerosgernika.com\/eu\/produktua\/servicio-de-coloracion-profesional\/","og_site_name":"D-2 PELUQUEROS","article_modified_time":"2026-01-19T14:37:21+00:00","og_image":[{"width":600,"height":600,"url":"https:\/\/tienda.d2peluquerosgernika.com\/wp-content\/uploads\/2026\/01\/MA-4.png","type":"image\/png"}],"twitter_card":"summary_large_image","twitter_misc":{"Est. reading time":"1 minutua"},"schema":{"@context":"https:\/\/schema.org","@graph":[{"@type":"WebPage","@id":"https:\/\/tienda.d2peluquerosgernika.com\/producto\/servicio-de-coloracion-profesional\/","url":"https:\/\/tienda.d2peluquerosgernika.com\/producto\/servicio-de-coloracion-profesional\/","name":"Servicio de Coloraci\u00f3n Profesional - D-2 PELUQUEROS","isPartOf":{"@id":"https:\/\/tienda.d2peluquerosgernika.com\/#website"},"primaryImageOfPage":{"@id":"https:\/\/tienda.d2peluquerosgernika.com\/producto\/servicio-de-coloracion-profesional\/#primaryimage"},"image":{"@id":"https:\/\/tienda.d2peluquerosgernika.com\/producto\/servicio-de-coloracion-profesional\/#primaryimage"},"thumbnailUrl":"https:\/\/tienda.d2peluquerosgernika.com\/wp-content\/uploads\/2026\/01\/MA-4.png","datePublished":"2026-01-19T14:31:33+00:00","dateModified":"2026-01-19T14:37:21+00:00","breadcrumb":{"@id":"https:\/\/tienda.d2peluquerosgernika.com\/producto\/servicio-de-coloracion-profesional\/#breadcrumb"},"inLanguage":"eu","potentialAction":[{"@type":"ReadAction","target":["https:\/\/tienda.d2peluquerosgernika.com\/producto\/servicio-de-coloracion-profesional\/"]}]},{"@type":"ImageObject","inLanguage":"eu","@id":"https:\/\/tienda.d2peluquerosgernika.com\/producto\/servicio-de-coloracion-profesional\/#primaryimage","url":"https:\/\/tienda.d2peluquerosgernika.com\/wp-content\/uploads\/2026\/01\/MA-4.png","contentUrl":"https:\/\/tienda.d2peluquerosgernika.com\/wp-content\/uploads\/2026\/01\/MA-4.png","width":600,"height":600},{"@type":"BreadcrumbList","@id":"https:\/\/tienda.d2peluquerosgernika.com\/producto\/servicio-de-coloracion-profesional\/#breadcrumb","itemListElement":[{"@type":"ListItem","position":1,"name":"Portada","item":"https:\/\/tienda.d2peluquerosgernika.com\/"},{"@type":"ListItem","position":2,"name":"Tienda","item":"https:\/\/tienda.d2peluquerosgernika.com\/tienda\/"},{"@type":"ListItem","position":3,"name":"Servicio de Coloraci\u00f3n Profesional"}]},{"@type":"WebSite","@id":"https:\/\/tienda.d2peluquerosgernika.com\/#website","url":"https:\/\/tienda.d2peluquerosgernika.com\/","name":"D-2 ILE-APAINTZAILEAK","description":"","publisher":{"@id":"https:\/\/tienda.d2peluquerosgernika.com\/#organization"},"potentialAction":[{"@type":"SearchAction","target":{"@type":"EntryPoint","urlTemplate":"https:\/\/tienda.d2peluquerosgernika.com\/?s={search_term_string}"},"query-input":{"@type":"PropertyValueSpecification","valueRequired":true,"valueName":"search_term_string"}}],"inLanguage":"eu"},{"@type":"Organization","@id":"https:\/\/tienda.d2peluquerosgernika.com\/#organization","name":"D-2 ILE-APAINTZAILEAK","url":"https:\/\/tienda.d2peluquerosgernika.com\/","logo":{"@type":"ImageObject","inLanguage":"eu","@id":"https:\/\/tienda.d2peluquerosgernika.com\/#\/schema\/logo\/image\/","url":"https:\/\/tienda.d2peluquerosgernika.com\/wp-content\/uploads\/2025\/06\/cropped-WhatsApp-Image-2025-06-05-at-10.06.23.jpeg","contentUrl":"https:\/\/tienda.d2peluquerosgernika.com\/wp-content\/uploads\/2025\/06\/cropped-WhatsApp-Image-2025-06-05-at-10.06.23.jpeg","width":760,"height":1600,"caption":"D-2 PELUQUEROS"},"image":{"@id":"https:\/\/tienda.d2peluquerosgernika.com\/#\/schema\/logo\/image\/"}}]}},"_links":{"self":[{"href":"https:\/\/tienda.d2peluquerosgernika.com\/eu\/wp-json\/wp\/v2\/product\/864","targetHints":{"allow":["GET"]}}],"collection":[{"href":"https:\/\/tienda.d2peluquerosgernika.com\/eu\/wp-json\/wp\/v2\/product"}],"about":[{"href":"https:\/\/tienda.d2peluquerosgernika.com\/eu\/wp-json\/wp\/v2\/types\/product"}],"replies":[{"embeddable":true,"href":"https:\/\/tienda.d2peluquerosgernika.com\/eu\/wp-json\/wp\/v2\/comments?post=864"}],"wp:featuredmedia":[{"embeddable":true,"href":"https:\/\/tienda.d2peluquerosgernika.com\/eu\/wp-json\/wp\/v2\/media\/865"}],"wp:attachment":[{"href":"https:\/\/tienda.d2peluquerosgernika.com\/eu\/wp-json\/wp\/v2\/media?parent=864"}],"wp:term":[{"taxonomy":"product_brand","embeddable":true,"href":"https:\/\/tienda.d2peluquerosgernika.com\/eu\/wp-json\/wp\/v2\/product_brand?post=864"},{"taxonomy":"product_cat","embeddable":true,"href":"https:\/\/tienda.d2peluquerosgernika.com\/eu\/wp-json\/wp\/v2\/product_cat?post=864"},{"taxonomy":"product_tag","embeddable":true,"href":"https:\/\/tienda.d2peluquerosgernika.com\/eu\/wp-json\/wp\/v2\/product_tag?post=864"}],"curies":[{"name":"wp","href":"https:\/\/api.w.org\/{rel}","templated":true}]}}