{"id":866,"date":"2026-01-19T14:40:06","date_gmt":"2026-01-19T14:40:06","guid":{"rendered":"https:\/\/d2peluquerosgernikatienda.rkinformatika.online\/?post_type=product&#038;p=866"},"modified":"2026-01-19T14:40:06","modified_gmt":"2026-01-19T14:40:06","slug":"corte-de-cabello-senora-caballero-y-ninos","status":"publish","type":"product","link":"https:\/\/tienda.d2peluquerosgernika.com\/eu\/produktua\/corte-de-cabello-senora-caballero-y-ninos\/","title":{"rendered":"Corte de Cabello (Se\u00f1ora, Caballero y Ni\u00f1os)"},"content":{"rendered":"<p>Corte personalizado para se\u00f1ora, caballero y ni\u00f1os. Nos adaptamos a tu estilo, edad y tipo de cabello. Incluye asesoramiento para que salgas con un look que te favorezca y sea f\u00e1cil de mantener.<\/p>","protected":false},"excerpt":{"rendered":"<p data-start=\"638\" data-end=\"711\">Cortes modernos y cl\u00e1sicos para toda la familia.<\/p>","protected":false},"featured_media":867,"comment_status":"open","ping_status":"closed","template":"","meta":[],"product_brand":[],"product_cat":[19],"product_tag":[],"class_list":{"0":"post-866","1":"product","2":"type-product","3":"status-publish","4":"has-post-thumbnail","6":"product_cat-peluqueria","8":"first","9":"instock","10":"shipping-taxable","11":"purchasable","12":"product-type-simple"},"yoast_head":"<!-- This site is optimized with the Yoast SEO plugin v27.5 - https:\/\/yoast.com\/product\/yoast-seo-wordpress\/ -->\n<title>Corte de Cabello (Se\u00f1ora, Caballero y Ni\u00f1os) - D-2 PELUQUEROS<\/title>\n<meta name=\"robots\" content=\"index, follow, max-snippet:-1, max-image-preview:large, max-video-preview:-1\" \/>\n<link rel=\"canonical\" href=\"https:\/\/tienda.d2peluquerosgernika.com\/eu\/produktua\/corte-de-cabello-senora-caballero-y-ninos\/\" \/>\n<meta property=\"og:locale\" content=\"en_US\" \/>\n<meta property=\"og:type\" content=\"article\" \/>\n<meta property=\"og:title\" content=\"Corte de Cabello (Se\u00f1ora, Caballero y Ni\u00f1os) - D-2 PELUQUEROS\" \/>\n<meta property=\"og:description\" content=\"Cortes modernos y cl\u00e1sicos para toda la familia.\" \/>\n<meta property=\"og:url\" content=\"https:\/\/tienda.d2peluquerosgernika.com\/eu\/produktua\/corte-de-cabello-senora-caballero-y-ninos\/\" \/>\n<meta property=\"og:site_name\" content=\"D-2 PELUQUEROS\" \/>\n<meta property=\"og:image\" content=\"https:\/\/tienda.d2peluquerosgernika.com\/wp-content\/uploads\/2026\/01\/MA-5.png\" \/>\n\t<meta property=\"og:image:width\" content=\"600\" \/>\n\t<meta property=\"og:image:height\" content=\"600\" \/>\n\t<meta property=\"og:image:type\" content=\"image\/png\" \/>\n<meta name=\"twitter:card\" content=\"summary_large_image\" \/>\n<meta name=\"twitter:label1\" content=\"Est. reading time\" \/>\n\t<meta name=\"twitter:data1\" content=\"1 minutua\" \/>\n<script type=\"application\/ld+json\" class=\"yoast-schema-graph\">{\"@context\":\"https:\\\/\\\/schema.org\",\"@graph\":[{\"@type\":\"WebPage\",\"@id\":\"https:\\\/\\\/tienda.d2peluquerosgernika.com\\\/producto\\\/corte-de-cabello-senora-caballero-y-ninos\\\/\",\"url\":\"https:\\\/\\\/tienda.d2peluquerosgernika.com\\\/producto\\\/corte-de-cabello-senora-caballero-y-ninos\\\/\",\"name\":\"Corte de Cabello (Se\u00f1ora, Caballero y Ni\u00f1os) - D-2 PELUQUEROS\",\"isPartOf\":{\"@id\":\"https:\\\/\\\/tienda.d2peluquerosgernika.com\\\/#website\"},\"primaryImageOfPage\":{\"@id\":\"https:\\\/\\\/tienda.d2peluquerosgernika.com\\\/producto\\\/corte-de-cabello-senora-caballero-y-ninos\\\/#primaryimage\"},\"image\":{\"@id\":\"https:\\\/\\\/tienda.d2peluquerosgernika.com\\\/producto\\\/corte-de-cabello-senora-caballero-y-ninos\\\/#primaryimage\"},\"thumbnailUrl\":\"https:\\\/\\\/tienda.d2peluquerosgernika.com\\\/wp-content\\\/uploads\\\/2026\\\/01\\\/MA-5.png\",\"datePublished\":\"2026-01-19T14:40:06+00:00\",\"breadcrumb\":{\"@id\":\"https:\\\/\\\/tienda.d2peluquerosgernika.com\\\/producto\\\/corte-de-cabello-senora-caballero-y-ninos\\\/#breadcrumb\"},\"inLanguage\":\"eu\",\"potentialAction\":[{\"@type\":\"ReadAction\",\"target\":[\"https:\\\/\\\/tienda.d2peluquerosgernika.com\\\/producto\\\/corte-de-cabello-senora-caballero-y-ninos\\\/\"]}]},{\"@type\":\"ImageObject\",\"inLanguage\":\"eu\",\"@id\":\"https:\\\/\\\/tienda.d2peluquerosgernika.com\\\/producto\\\/corte-de-cabello-senora-caballero-y-ninos\\\/#primaryimage\",\"url\":\"https:\\\/\\\/tienda.d2peluquerosgernika.com\\\/wp-content\\\/uploads\\\/2026\\\/01\\\/MA-5.png\",\"contentUrl\":\"https:\\\/\\\/tienda.d2peluquerosgernika.com\\\/wp-content\\\/uploads\\\/2026\\\/01\\\/MA-5.png\",\"width\":600,\"height\":600},{\"@type\":\"BreadcrumbList\",\"@id\":\"https:\\\/\\\/tienda.d2peluquerosgernika.com\\\/producto\\\/corte-de-cabello-senora-caballero-y-ninos\\\/#breadcrumb\",\"itemListElement\":[{\"@type\":\"ListItem\",\"position\":1,\"name\":\"Portada\",\"item\":\"https:\\\/\\\/tienda.d2peluquerosgernika.com\\\/\"},{\"@type\":\"ListItem\",\"position\":2,\"name\":\"Tienda\",\"item\":\"https:\\\/\\\/tienda.d2peluquerosgernika.com\\\/tienda\\\/\"},{\"@type\":\"ListItem\",\"position\":3,\"name\":\"Corte de Cabello (Se\u00f1ora, Caballero y Ni\u00f1os)\"}]},{\"@type\":\"WebSite\",\"@id\":\"https:\\\/\\\/tienda.d2peluquerosgernika.com\\\/#website\",\"url\":\"https:\\\/\\\/tienda.d2peluquerosgernika.com\\\/\",\"name\":\"D-2 PELUQUEROS\",\"description\":\"\",\"publisher\":{\"@id\":\"https:\\\/\\\/tienda.d2peluquerosgernika.com\\\/#organization\"},\"potentialAction\":[{\"@type\":\"SearchAction\",\"target\":{\"@type\":\"EntryPoint\",\"urlTemplate\":\"https:\\\/\\\/tienda.d2peluquerosgernika.com\\\/?s={search_term_string}\"},\"query-input\":{\"@type\":\"PropertyValueSpecification\",\"valueRequired\":true,\"valueName\":\"search_term_string\"}}],\"inLanguage\":\"eu\"},{\"@type\":\"Organization\",\"@id\":\"https:\\\/\\\/tienda.d2peluquerosgernika.com\\\/#organization\",\"name\":\"D-2 PELUQUEROS\",\"url\":\"https:\\\/\\\/tienda.d2peluquerosgernika.com\\\/\",\"logo\":{\"@type\":\"ImageObject\",\"inLanguage\":\"eu\",\"@id\":\"https:\\\/\\\/tienda.d2peluquerosgernika.com\\\/#\\\/schema\\\/logo\\\/image\\\/\",\"url\":\"https:\\\/\\\/tienda.d2peluquerosgernika.com\\\/wp-content\\\/uploads\\\/2025\\\/06\\\/cropped-WhatsApp-Image-2025-06-05-at-10.06.23.jpeg\",\"contentUrl\":\"https:\\\/\\\/tienda.d2peluquerosgernika.com\\\/wp-content\\\/uploads\\\/2025\\\/06\\\/cropped-WhatsApp-Image-2025-06-05-at-10.06.23.jpeg\",\"width\":760,\"height\":1600,\"caption\":\"D-2 PELUQUEROS\"},\"image\":{\"@id\":\"https:\\\/\\\/tienda.d2peluquerosgernika.com\\\/#\\\/schema\\\/logo\\\/image\\\/\"}}]}<\/script>\n<!-- \/ Yoast SEO plugin. -->","yoast_head_json":{"title":"Corte de Cabello (Se\u00f1ora, Caballero y Ni\u00f1os) - D-2 PELUQUEROS","robots":{"index":"index","follow":"follow","max-snippet":"max-snippet:-1","max-image-preview":"max-image-preview:large","max-video-preview":"max-video-preview:-1"},"canonical":"https:\/\/tienda.d2peluquerosgernika.com\/eu\/produktua\/corte-de-cabello-senora-caballero-y-ninos\/","og_locale":"en_US","og_type":"article","og_title":"Corte de Cabello (Se\u00f1ora, Caballero y Ni\u00f1os) - D-2 PELUQUEROS","og_description":"Cortes modernos y cl\u00e1sicos para toda la familia.","og_url":"https:\/\/tienda.d2peluquerosgernika.com\/eu\/produktua\/corte-de-cabello-senora-caballero-y-ninos\/","og_site_name":"D-2 PELUQUEROS","og_image":[{"width":600,"height":600,"url":"https:\/\/tienda.d2peluquerosgernika.com\/wp-content\/uploads\/2026\/01\/MA-5.png","type":"image\/png"}],"twitter_card":"summary_large_image","twitter_misc":{"Est. reading time":"1 minutua"},"schema":{"@context":"https:\/\/schema.org","@graph":[{"@type":"WebPage","@id":"https:\/\/tienda.d2peluquerosgernika.com\/producto\/corte-de-cabello-senora-caballero-y-ninos\/","url":"https:\/\/tienda.d2peluquerosgernika.com\/producto\/corte-de-cabello-senora-caballero-y-ninos\/","name":"Corte de Cabello (Se\u00f1ora, Caballero y Ni\u00f1os) - D-2 PELUQUEROS","isPartOf":{"@id":"https:\/\/tienda.d2peluquerosgernika.com\/#website"},"primaryImageOfPage":{"@id":"https:\/\/tienda.d2peluquerosgernika.com\/producto\/corte-de-cabello-senora-caballero-y-ninos\/#primaryimage"},"image":{"@id":"https:\/\/tienda.d2peluquerosgernika.com\/producto\/corte-de-cabello-senora-caballero-y-ninos\/#primaryimage"},"thumbnailUrl":"https:\/\/tienda.d2peluquerosgernika.com\/wp-content\/uploads\/2026\/01\/MA-5.png","datePublished":"2026-01-19T14:40:06+00:00","breadcrumb":{"@id":"https:\/\/tienda.d2peluquerosgernika.com\/producto\/corte-de-cabello-senora-caballero-y-ninos\/#breadcrumb"},"inLanguage":"eu","potentialAction":[{"@type":"ReadAction","target":["https:\/\/tienda.d2peluquerosgernika.com\/producto\/corte-de-cabello-senora-caballero-y-ninos\/"]}]},{"@type":"ImageObject","inLanguage":"eu","@id":"https:\/\/tienda.d2peluquerosgernika.com\/producto\/corte-de-cabello-senora-caballero-y-ninos\/#primaryimage","url":"https:\/\/tienda.d2peluquerosgernika.com\/wp-content\/uploads\/2026\/01\/MA-5.png","contentUrl":"https:\/\/tienda.d2peluquerosgernika.com\/wp-content\/uploads\/2026\/01\/MA-5.png","width":600,"height":600},{"@type":"BreadcrumbList","@id":"https:\/\/tienda.d2peluquerosgernika.com\/producto\/corte-de-cabello-senora-caballero-y-ninos\/#breadcrumb","itemListElement":[{"@type":"ListItem","position":1,"name":"Portada","item":"https:\/\/tienda.d2peluquerosgernika.com\/"},{"@type":"ListItem","position":2,"name":"Tienda","item":"https:\/\/tienda.d2peluquerosgernika.com\/tienda\/"},{"@type":"ListItem","position":3,"name":"Corte de Cabello (Se\u00f1ora, Caballero y Ni\u00f1os)"}]},{"@type":"WebSite","@id":"https:\/\/tienda.d2peluquerosgernika.com\/#website","url":"https:\/\/tienda.d2peluquerosgernika.com\/","name":"D-2 ILE-APAINTZAILEAK","description":"","publisher":{"@id":"https:\/\/tienda.d2peluquerosgernika.com\/#organization"},"potentialAction":[{"@type":"SearchAction","target":{"@type":"EntryPoint","urlTemplate":"https:\/\/tienda.d2peluquerosgernika.com\/?s={search_term_string}"},"query-input":{"@type":"PropertyValueSpecification","valueRequired":true,"valueName":"search_term_string"}}],"inLanguage":"eu"},{"@type":"Organization","@id":"https:\/\/tienda.d2peluquerosgernika.com\/#organization","name":"D-2 ILE-APAINTZAILEAK","url":"https:\/\/tienda.d2peluquerosgernika.com\/","logo":{"@type":"ImageObject","inLanguage":"eu","@id":"https:\/\/tienda.d2peluquerosgernika.com\/#\/schema\/logo\/image\/","url":"https:\/\/tienda.d2peluquerosgernika.com\/wp-content\/uploads\/2025\/06\/cropped-WhatsApp-Image-2025-06-05-at-10.06.23.jpeg","contentUrl":"https:\/\/tienda.d2peluquerosgernika.com\/wp-content\/uploads\/2025\/06\/cropped-WhatsApp-Image-2025-06-05-at-10.06.23.jpeg","width":760,"height":1600,"caption":"D-2 PELUQUEROS"},"image":{"@id":"https:\/\/tienda.d2peluquerosgernika.com\/#\/schema\/logo\/image\/"}}]}},"_links":{"self":[{"href":"https:\/\/tienda.d2peluquerosgernika.com\/eu\/wp-json\/wp\/v2\/product\/866","targetHints":{"allow":["GET"]}}],"collection":[{"href":"https:\/\/tienda.d2peluquerosgernika.com\/eu\/wp-json\/wp\/v2\/product"}],"about":[{"href":"https:\/\/tienda.d2peluquerosgernika.com\/eu\/wp-json\/wp\/v2\/types\/product"}],"replies":[{"embeddable":true,"href":"https:\/\/tienda.d2peluquerosgernika.com\/eu\/wp-json\/wp\/v2\/comments?post=866"}],"wp:featuredmedia":[{"embeddable":true,"href":"https:\/\/tienda.d2peluquerosgernika.com\/eu\/wp-json\/wp\/v2\/media\/867"}],"wp:attachment":[{"href":"https:\/\/tienda.d2peluquerosgernika.com\/eu\/wp-json\/wp\/v2\/media?parent=866"}],"wp:term":[{"taxonomy":"product_brand","embeddable":true,"href":"https:\/\/tienda.d2peluquerosgernika.com\/eu\/wp-json\/wp\/v2\/product_brand?post=866"},{"taxonomy":"product_cat","embeddable":true,"href":"https:\/\/tienda.d2peluquerosgernika.com\/eu\/wp-json\/wp\/v2\/product_cat?post=866"},{"taxonomy":"product_tag","embeddable":true,"href":"https:\/\/tienda.d2peluquerosgernika.com\/eu\/wp-json\/wp\/v2\/product_tag?post=866"}],"curies":[{"name":"wp","href":"https:\/\/api.w.org\/{rel}","templated":true}]}}